{"id":213,"date":"2022-02-27T15:00:33","date_gmt":"2022-02-27T15:00:33","guid":{"rendered":"https:\/\/famericon.de\/?page_id=213"},"modified":"2022-05-24T07:42:04","modified_gmt":"2022-05-24T07:42:04","slug":"hls-referenzen","status":"publish","type":"page","link":"https:\/\/famericon.de\/index.php\/hls-referenzen\/","title":{"rendered":"HLS"},"content":{"rendered":"<p>[et_pb_section fb_built=&#8220;1&#8243; admin_label=&#8220;Hero&#8220; _builder_version=&#8220;4.17.4&#8243; background_color=&#8220;rgba(0,0,0,0.48)&#8220; background_color_gradient_start=&#8220;rgba(40,40,40,0.79)&#8220; background_color_gradient_end=&#8220;rgba(40,40,40,0.86)&#8220; background_image=&#8220;https:\/\/famericon.de\/wp-content\/uploads\/2022\/04\/UNADJUSTEDNONRAW_thumb_4ad7.jpg&#8220; background_blend=&#8220;multiply&#8220; custom_margin=&#8220;||||false&#8220; custom_padding=&#8220;10vw||10vw||true|false&#8220; hover_enabled=&#8220;0&#8243; global_colors_info=&#8220;{}&#8220; title_text=&#8220;30&#8243; sticky_enabled=&#8220;0&#8243;][et_pb_row column_structure=&#8220;2_3,1_3&#8243; _builder_version=&#8220;4.16&#8243; global_colors_info=&#8220;{}&#8220;][et_pb_column type=&#8220;2_3&#8243; _builder_version=&#8220;4.16&#8243; custom_padding=&#8220;|||&#8220; global_colors_info=&#8220;{}&#8220; custom_padding__hover=&#8220;|||&#8220;][et_pb_text _builder_version=&#8220;4.16&#8243; text_font=&#8220;||||||||&#8220; header_font=&#8220;Rubik|700|||||||&#8220; header_font_size=&#8220;49px&#8220; header_line_height=&#8220;1.1em&#8220; background_layout=&#8220;dark&#8220; max_width=&#8220;800px&#8220; custom_margin=&#8220;||0px|&#8220; custom_padding=&#8220;|||16px&#8220; text_font_size_tablet=&#8220;14px&#8220; text_font_size_last_edited=&#8220;off|desktop&#8220; header_font_size_tablet=&#8220;44px&#8220; header_font_size_phone=&#8220;32px&#8220; header_font_size_last_edited=&#8220;on|phone&#8220; border_color_all=&#8220;#56ba57&#8243; border_width_left=&#8220;10px&#8220; global_colors_info=&#8220;{}&#8220;]<\/p>\n<h1>Unsere Referenzen<br \/>Heizung, L\u00fcftung &amp; Sanit\u00e4r<\/h1>\n<p>[\/et_pb_text][et_pb_text _builder_version=&#8220;4.16&#8243; text_font=&#8220;||||||||&#8220; text_font_size=&#8220;22px&#8220; text_line_height=&#8220;1.6em&#8220; header_font=&#8220;||||||||&#8220; background_layout=&#8220;dark&#8220; max_width=&#8220;800px&#8220; custom_margin=&#8220;|||&#8220; custom_padding=&#8220;20px||20px||true&#8220; text_font_size_tablet=&#8220;18px&#8220; text_font_size_phone=&#8220;&#8220; text_font_size_last_edited=&#8220;on|phone&#8220; global_colors_info=&#8220;{}&#8220;]<\/p>\n<p>Hier sehen sie eine breite Auswahl unserer HLS-Arbeiten die wir erfolgreich f\u00fcr unsere Kunden umgesetzt haben.<\/p>\n<p>[\/et_pb_text][\/et_pb_column][et_pb_column type=&#8220;1_3&#8243; _builder_version=&#8220;4.16&#8243; custom_padding=&#8220;|||&#8220; global_colors_info=&#8220;{}&#8220; custom_padding__hover=&#8220;|||&#8220;][\/et_pb_column][\/et_pb_row][\/et_pb_section][et_pb_section fb_built=&#8220;1&#8243; _builder_version=&#8220;4.16&#8243; _module_preset=&#8220;default&#8220; global_colors_info=&#8220;{}&#8220;][et_pb_row use_custom_gutter=&#8220;on&#8220; gutter_width=&#8220;2&#8243; _builder_version=&#8220;4.16.0&#8243; width=&#8220;auto&#8220; max_width=&#8220;1370px&#8220; module_alignment=&#8220;center&#8220; custom_margin=&#8220;|||&#8220; global_colors_info=&#8220;{}&#8220;][et_pb_column type=&#8220;4_4&#8243; _builder_version=&#8220;4.16.0&#8243; custom_padding=&#8220;|||0px|false|false&#8220; global_colors_info=&#8220;{}&#8220; custom_padding__hover=&#8220;|||&#8220;][et_pb_gallery gallery_ids=&#8220;365,366,367,368,369,370,371,372,373,374,375,376,377,378,379,380,381,382,383,384,385,386,387,388,389,390,391,392,393,394,395,396,397&#8243; posts_number=&#8220;40&#8243; show_title_and_caption=&#8220;off&#8220; show_pagination=&#8220;off&#8220; zoom_icon_color=&#8220;RGBA(255,255,255,0)&#8220; hover_overlay_color=&#8220;RGBA(255,255,255,0)&#8220; _builder_version=&#8220;4.16.0&#8243; _module_preset=&#8220;default&#8220; title_text_color=&#8220;#000000&#8243; caption_text_align=&#8220;center&#8220; caption_text_color=&#8220;RGBA(255,255,255,0)&#8220; caption_line_height=&#8220;21px&#8220; pagination_text_color=&#8220;RGBA(255,255,255,0)&#8220; text_orientation=&#8220;center&#8220; module_alignment=&#8220;center&#8220; custom_margin=&#8220;0px||||false|false&#8220; animation_style=&#8220;fade&#8220; animation_delay=&#8220;500ms&#8220; border_radii=&#8220;on|10px|10px|10px|10px&#8220; global_colors_info=&#8220;{}&#8220;][\/et_pb_gallery][\/et_pb_column][\/et_pb_row][\/et_pb_section][et_pb_section fb_built=&#8220;1&#8243; _builder_version=&#8220;4.14.8&#8243; _module_preset=&#8220;default&#8220; background_color=&#8220;#2b5e34&#8243; custom_padding=&#8220;||9px|||&#8220; global_module=&#8220;34&#8243; saved_tabs=&#8220;all&#8220; global_colors_info=&#8220;{}&#8220;][et_pb_row column_structure=&#8220;1_4,1_4,1_4,1_4&#8243; _builder_version=&#8220;4.16&#8243; _module_preset=&#8220;default&#8220; global_colors_info=&#8220;{}&#8220;][et_pb_column type=&#8220;1_4&#8243; _builder_version=&#8220;4.16&#8243; _module_preset=&#8220;default&#8220; global_colors_info=&#8220;{}&#8220;][et_pb_text _builder_version=&#8220;4.16&#8243; _module_preset=&#8220;default&#8220; text_font=&#8220;Poppins||||||||&#8220; text_text_color=&#8220;#FFFFFF&#8220; text_line_height=&#8220;1.8em&#8220; link_font=&#8220;Poppins||||||||&#8220; link_text_color=&#8220;#FFFFFF&#8220; header_font=&#8220;Poppins|600|||||||&#8220; header_text_color=&#8220;#FFFFFF&#8220; header_line_height=&#8220;1.5em&#8220; global_colors_info=&#8220;{}&#8220;]<\/p>\n<h1>Kontakt<\/h1>\n<p>K\u00f6rnerstra\u00dfe 28 &#8211; 29<\/p>\n<p>12157 Berlin<\/p>\n<p>Telefon: 030 373 04 965<\/p>\n<p>E-mail: <a href=\"mailto:info@famericon.de\">info@famericon.de<\/a><\/p>\n<p>[\/et_pb_text][\/et_pb_column][et_pb_column type=&#8220;1_4&#8243; _builder_version=&#8220;4.16&#8243; _module_preset=&#8220;default&#8220; global_colors_info=&#8220;{}&#8220;][et_pb_text _builder_version=&#8220;4.16&#8243; _module_preset=&#8220;default&#8220; text_font=&#8220;Poppins||||||||&#8220; text_text_color=&#8220;#FFFFFF&#8220; text_line_height=&#8220;1.8em&#8220; link_font=&#8220;Poppins||||||||&#8220; link_text_color=&#8220;#FFFFFF&#8220; header_font=&#8220;Poppins|600|||||||&#8220; header_text_color=&#8220;#FFFFFF&#8220; header_line_height=&#8220;1.5em&#8220; global_colors_info=&#8220;{}&#8220;]<\/p>\n<h1>Seiten<\/h1>\n<p><a href=\"https:\/\/famericon.de\/#start\">Start<\/a><\/p>\n<p><a href=\"https:\/\/famericon.de\/#leistungen\">Leistungen<\/a><\/p>\n<p><a href=\"https:\/\/famericon.de\/#referenzen\">Referenzen<\/a><\/p>\n<p><a href=\"https:\/\/famericon.de\/#kontakt\">Kontakt<\/a><\/p>\n<p>[\/et_pb_text][\/et_pb_column][et_pb_column type=&#8220;1_4&#8243; _builder_version=&#8220;4.16&#8243; _module_preset=&#8220;default&#8220; global_colors_info=&#8220;{}&#8220;][et_pb_text _builder_version=&#8220;4.16&#8243; _module_preset=&#8220;default&#8220; text_font=&#8220;Poppins||||||||&#8220; text_text_color=&#8220;#FFFFFF&#8220; text_line_height=&#8220;1.8em&#8220; link_font=&#8220;Poppins||||||||&#8220; link_text_color=&#8220;#FFFFFF&#8220; header_font=&#8220;Poppins|600|||||||&#8220; header_text_color=&#8220;#FFFFFF&#8220; header_line_height=&#8220;1.5em&#8220; custom_margin=&#8220;|-25px|||false|false&#8220; custom_padding=&#8220;|||0px|false|false&#8220; global_colors_info=&#8220;{}&#8220;]<\/p>\n<h1>\u00dcber Uns<\/h1>\n<p><span>Wir sind ein junges Familienunternehmen und bietenen Ihnen eine breite Palette an Leistungen an. Die Eckpfeiler unserer Firmenphilosophie sind Qualit\u00e4t, Zuverl\u00e4ssigkeit und ein gutes Preis-\/Leistungsverh\u00e4ltnis.\u00a0<\/span><\/p>\n<p>[\/et_pb_text][\/et_pb_column][et_pb_column type=&#8220;1_4&#8243; _builder_version=&#8220;4.16&#8243; _module_preset=&#8220;default&#8220; global_colors_info=&#8220;{}&#8220;][et_pb_text _builder_version=&#8220;4.16&#8243; _module_preset=&#8220;default&#8220; text_font=&#8220;Poppins||||||||&#8220; text_text_color=&#8220;#FFFFFF&#8220; text_line_height=&#8220;1.8em&#8220; link_font=&#8220;Poppins||||||||&#8220; link_text_color=&#8220;#FFFFFF&#8220; header_font=&#8220;Poppins|600|||||||&#8220; header_text_color=&#8220;#FFFFFF&#8220; header_line_height=&#8220;1.5em&#8220; global_colors_info=&#8220;{}&#8220;]<\/p>\n<h1>Rechtliches<\/h1>\n<p><a href=\"https:\/\/famericon.de\/index.php\/impressum\/\">Impressum<\/a><\/p>\n<p><a href=\"https:\/\/famericon.de\/index.php\/datenschutz\">Datenschutz<\/a><\/p>\n<p>[\/et_pb_text][\/et_pb_column][\/et_pb_row][et_pb_row _builder_version=&#8220;4.16&#8243; _module_preset=&#8220;default&#8220; global_colors_info=&#8220;{}&#8220;][et_pb_column type=&#8220;4_4&#8243; _builder_version=&#8220;4.16&#8243; _module_preset=&#8220;default&#8220; global_colors_info=&#8220;{}&#8220;][et_pb_text _builder_version=&#8220;4.16&#8243; _dynamic_attributes=&#8220;content&#8220; _module_preset=&#8220;default&#8220; text_font=&#8220;Poppins||||||||&#8220; text_text_color=&#8220;#FFFFFF&#8220; text_orientation=&#8220;center&#8220; link_option_url=&#8220;Https:\/\/rs-ventures.de&#8220; link_option_url_new_window=&#8220;on&#8220; global_colors_info=&#8220;{}&#8220;]@ET-DC@eyJkeW5hbWljIjp0cnVlLCJjb250ZW50IjoiY3VycmVudF9kYXRlIiwic2V0dGluZ3MiOnsiYmVmb3JlIjoibWFkZSBieSBSUy1WZW50dXJlcy5kZSAiLCJhZnRlciI6InwgXHUwMGE5IENvcHlyaWdodCBieSBGYW1lcmljb24gR21iSCIsImRhdGVfZm9ybWF0IjoiY3VzdG9tIiwiY3VzdG9tX2RhdGVfZm9ybWF0IjoiWSJ9fQ==@[\/et_pb_text][\/et_pb_column][\/et_pb_row][\/et_pb_section]<\/p>\n","protected":false},"excerpt":{"rendered":"<p>Unsere ReferenzenHeizung, L\u00fcftung &amp; Sanit\u00e4rHier sehen sie eine breite Auswahl unserer HLS-Arbeiten die wir erfolgreich f\u00fcr unsere Kunden umgesetzt haben.Kontakt K\u00f6rnerstra\u00dfe 28 &#8211; 29 12157 Berlin Telefon: 030 373 04 965 E-mail: info@famericon.deSeiten Start Leistungen Referenzen Kontakt\u00dcber Uns Wir sind ein junges Familienunternehmen und bietenen Ihnen eine breite Palette an Leistungen an. Die Eckpfeiler unserer [&hellip;]<\/p>\n","protected":false},"author":1,"featured_media":0,"parent":0,"menu_order":0,"comment_status":"closed","ping_status":"closed","template":"page-template-blank.php","meta":{"_et_pb_use_builder":"on","_et_pb_old_content":"","_et_gb_content_width":"","footnotes":""},"class_list":["post-213","page","type-page","status-publish","hentry"],"yoast_head":"<!-- This site is optimized with the Yoast SEO plugin v22.4 - https:\/\/yoast.com\/wordpress\/plugins\/seo\/ -->\n<title>Famericon GmbH - HLS Referenzen<\/title>\n<meta name=\"description\" content=\"Hier finden Sie eine breite \u00dcbersicht all unserer HLS Projekte, die wir bisher f\u00fcr unsere Kunden umsetzen konnten.\" \/>\n<meta name=\"robots\" content=\"index, follow, max-snippet:-1, max-image-preview:large, max-video-preview:-1\" \/>\n<link rel=\"canonical\" href=\"https:\/\/famericon.de\/index.php\/hls-referenzen\/\" \/>\n<meta property=\"og:locale\" content=\"de_DE\" \/>\n<meta property=\"og:type\" content=\"article\" \/>\n<meta property=\"og:title\" content=\"Famericon GmbH - HLS Referenzen\" \/>\n<meta property=\"og:description\" content=\"Hier finden Sie eine breite \u00dcbersicht all unserer HLS Projekte, die wir bisher f\u00fcr unsere Kunden umsetzen konnten.\" \/>\n<meta property=\"og:url\" content=\"https:\/\/famericon.de\/index.php\/hls-referenzen\/\" \/>\n<meta property=\"og:site_name\" content=\"Famericon GmbH\" \/>\n<meta property=\"article:modified_time\" content=\"2022-05-24T07:42:04+00:00\" \/>\n<meta name=\"twitter:card\" content=\"summary_large_image\" \/>\n<script type=\"application\/ld+json\" class=\"yoast-schema-graph\">{\"@context\":\"https:\/\/schema.org\",\"@graph\":[{\"@type\":\"WebPage\",\"@id\":\"https:\/\/famericon.de\/index.php\/hls-referenzen\/\",\"url\":\"https:\/\/famericon.de\/index.php\/hls-referenzen\/\",\"name\":\"Famericon GmbH - HLS Referenzen\",\"isPartOf\":{\"@id\":\"https:\/\/famericon.de\/#website\"},\"datePublished\":\"2022-02-27T15:00:33+00:00\",\"dateModified\":\"2022-05-24T07:42:04+00:00\",\"description\":\"Hier finden Sie eine breite \u00dcbersicht all unserer HLS Projekte, die wir bisher f\u00fcr unsere Kunden umsetzen konnten.\",\"breadcrumb\":{\"@id\":\"https:\/\/famericon.de\/index.php\/hls-referenzen\/#breadcrumb\"},\"inLanguage\":\"de\",\"potentialAction\":[{\"@type\":\"ReadAction\",\"target\":[\"https:\/\/famericon.de\/index.php\/hls-referenzen\/\"]}]},{\"@type\":\"BreadcrumbList\",\"@id\":\"https:\/\/famericon.de\/index.php\/hls-referenzen\/#breadcrumb\",\"itemListElement\":[{\"@type\":\"ListItem\",\"position\":1,\"name\":\"Startseite\",\"item\":\"https:\/\/famericon.de\/\"},{\"@type\":\"ListItem\",\"position\":2,\"name\":\"HLS\"}]},{\"@type\":\"WebSite\",\"@id\":\"https:\/\/famericon.de\/#website\",\"url\":\"https:\/\/famericon.de\/\",\"name\":\"Famericon GmbH\",\"description\":\"Ihr Partner f\u00fcr Rohbau &amp; Verblendungen\",\"potentialAction\":[{\"@type\":\"SearchAction\",\"target\":{\"@type\":\"EntryPoint\",\"urlTemplate\":\"https:\/\/famericon.de\/?s={search_term_string}\"},\"query-input\":\"required name=search_term_string\"}],\"inLanguage\":\"de\"}]}<\/script>\n<!-- \/ Yoast SEO plugin. -->","yoast_head_json":{"title":"Famericon GmbH - HLS Referenzen","description":"Hier finden Sie eine breite \u00dcbersicht all unserer HLS Projekte, die wir bisher f\u00fcr unsere Kunden umsetzen konnten.","robots":{"index":"index","follow":"follow","max-snippet":"max-snippet:-1","max-image-preview":"max-image-preview:large","max-video-preview":"max-video-preview:-1"},"canonical":"https:\/\/famericon.de\/index.php\/hls-referenzen\/","og_locale":"de_DE","og_type":"article","og_title":"Famericon GmbH - HLS Referenzen","og_description":"Hier finden Sie eine breite \u00dcbersicht all unserer HLS Projekte, die wir bisher f\u00fcr unsere Kunden umsetzen konnten.","og_url":"https:\/\/famericon.de\/index.php\/hls-referenzen\/","og_site_name":"Famericon GmbH","article_modified_time":"2022-05-24T07:42:04+00:00","twitter_card":"summary_large_image","schema":{"@context":"https:\/\/schema.org","@graph":[{"@type":"WebPage","@id":"https:\/\/famericon.de\/index.php\/hls-referenzen\/","url":"https:\/\/famericon.de\/index.php\/hls-referenzen\/","name":"Famericon GmbH - HLS Referenzen","isPartOf":{"@id":"https:\/\/famericon.de\/#website"},"datePublished":"2022-02-27T15:00:33+00:00","dateModified":"2022-05-24T07:42:04+00:00","description":"Hier finden Sie eine breite \u00dcbersicht all unserer HLS Projekte, die wir bisher f\u00fcr unsere Kunden umsetzen konnten.","breadcrumb":{"@id":"https:\/\/famericon.de\/index.php\/hls-referenzen\/#breadcrumb"},"inLanguage":"de","potentialAction":[{"@type":"ReadAction","target":["https:\/\/famericon.de\/index.php\/hls-referenzen\/"]}]},{"@type":"BreadcrumbList","@id":"https:\/\/famericon.de\/index.php\/hls-referenzen\/#breadcrumb","itemListElement":[{"@type":"ListItem","position":1,"name":"Startseite","item":"https:\/\/famericon.de\/"},{"@type":"ListItem","position":2,"name":"HLS"}]},{"@type":"WebSite","@id":"https:\/\/famericon.de\/#website","url":"https:\/\/famericon.de\/","name":"Famericon GmbH","description":"Ihr Partner f\u00fcr Rohbau &amp; Verblendungen","potentialAction":[{"@type":"SearchAction","target":{"@type":"EntryPoint","urlTemplate":"https:\/\/famericon.de\/?s={search_term_string}"},"query-input":"required name=search_term_string"}],"inLanguage":"de"}]}},"_links":{"self":[{"href":"https:\/\/famericon.de\/index.php\/wp-json\/wp\/v2\/pages\/213","targetHints":{"allow":["GET"]}}],"collection":[{"href":"https:\/\/famericon.de\/index.php\/wp-json\/wp\/v2\/pages"}],"about":[{"href":"https:\/\/famericon.de\/index.php\/wp-json\/wp\/v2\/types\/page"}],"author":[{"embeddable":true,"href":"https:\/\/famericon.de\/index.php\/wp-json\/wp\/v2\/users\/1"}],"replies":[{"embeddable":true,"href":"https:\/\/famericon.de\/index.php\/wp-json\/wp\/v2\/comments?post=213"}],"version-history":[{"count":5,"href":"https:\/\/famericon.de\/index.php\/wp-json\/wp\/v2\/pages\/213\/revisions"}],"predecessor-version":[{"id":406,"href":"https:\/\/famericon.de\/index.php\/wp-json\/wp\/v2\/pages\/213\/revisions\/406"}],"wp:attachment":[{"href":"https:\/\/famericon.de\/index.php\/wp-json\/wp\/v2\/media?parent=213"}],"curies":[{"name":"wp","href":"https:\/\/api.w.org\/{rel}","templated":true}]}}